 {"id":15,"date":"2019-01-20T20:39:00","date_gmt":"2019-01-20T19:39:00","guid":{"rendered":"http:\/\/zum-haller-monschau.de\/?page_id=15"},"modified":"2019-02-14T22:08:43","modified_gmt":"2019-02-14T21:08:43","slug":"impressum","status":"publish","type":"page","link":"https:\/\/www.zum-haller.de\/en\/impressum\/","title":{"rendered":"Impressum"},"content":{"rendered":"<p>Marco Rademacher<br \/>\nGastst\u00e4tte &#8220;Zum Haller&#8221;<br \/>\nEschbachstr. 4<br \/>\n52156 Monschau<\/p>\n<p>Telefon: +49-2472-804700<br \/>\nMobil: +49-160-96704032<br \/>\nE-Mail: <a href=\"mailto:info@zum-haller-monschau.de\">info@zum-haller-monschau.de<\/a><\/p>\n<p><strong>Aufsichtsbeh\u00f6rde: <\/strong>Stadt Monschau &#8211; Ordnungsamt<\/p>\n<p><strong>Website:<\/strong> <a href=\"https:\/\/monks37.de\">monks37.de<\/a>. <strong>Fotos:<\/strong> <a href=\"https:\/\/monks37.de\">monks37.de<\/a><\/p>\n<h2>Hinweis gem\u00e4\u00df Online-Streitbeilegungs-Verordnung<\/h2>\n<p>Nach geltendem Recht sind wir verpflichtet, Verbraucher auf die Existenz der Europ\u00e4ischen Online-Streitbeilegungs-Plattform hinzuweisen, die f\u00fcr die Beilegung von Streitigkeiten genutzt werden kann, ohne dass ein Gericht eingeschaltet werden muss. F\u00fcr die Einrichtung der Plattform ist die Europ\u00e4ische Kommission zust\u00e4ndig. Die Europ\u00e4ische Online-Streitbeilegungs-Plattform ist hier zu finden: <a href=\"http:\/\/ec.europa.eu\/odr\" target=\"_blank\" rel=\"nofollow noopener\">http:\/\/ec.europa.eu\/odr<\/a>. Unsere E-Mail lautet: <a href=\"mailto:info@zum-haller-monschau.de\">info@zum-haller-monschau.de<\/a><\/p>\n<p>Wir weisen aber darauf hin, dass wir nicht bereit sind, uns am Streitbeilegungsverfahren im Rahmen der Europ\u00e4ischen Online-Streitbeilegungs-Plattform zu beteiligen. Nutzen Sie zur Kontaktaufnahme bitte unsere obige E-Mail und Telefonnummer.<\/p>\n<p>Quelle: <a href=\"https:\/\/www.juraforum.de\/impressum-generator\/\">Impressum Vorlage von JuraForum.de<\/a><\/p>","protected":false},"excerpt":{"rendered":"<p>Marco Rademacher Gastst\u00e4tte &#8220;Zum Haller&#8221; Eschbachstr. 4 52156 Monschau Telefon: +49-2472-804700 Mobil: +49-160-96704032 E-Mail: info@zum-haller-monschau.de Aufsichtsbeh\u00f6rde: Stadt Monschau &#8211; Ordnungsamt Website: monks37.de. Fotos: monks37.de Hinweis gem\u00e4\u00df Online-Streitbeilegungs-Verordnung Nach geltendem Recht sind wir verpflichtet, Verbraucher auf die Existenz der Europ\u00e4ischen Online-Streitbeilegungs-Plattform hinzuweisen, die f\u00fcr die Beilegung von Streitigkeiten genutzt werden kann, ohne dass ein Gericht eingeschaltet [&hellip;]<\/p>\n","protected":false},"author":1,"featured_media":0,"parent":0,"menu_order":0,"comment_status":"closed","ping_status":"closed","template":"","meta":[],"_links":{"self":[{"href":"https:\/\/www.zum-haller.de\/en\/wp-json\/wp\/v2\/pages\/15"}],"collection":[{"href":"https:\/\/www.zum-haller.de\/en\/wp-json\/wp\/v2\/pages"}],"about":[{"href":"https:\/\/www.zum-haller.de\/en\/wp-json\/wp\/v2\/types\/page"}],"author":[{"embeddable":true,"href":"https:\/\/www.zum-haller.de\/en\/wp-json\/wp\/v2\/users\/1"}],"replies":[{"embeddable":true,"href":"https:\/\/www.zum-haller.de\/en\/wp-json\/wp\/v2\/comments?post=15"}],"version-history":[{"count":5,"href":"https:\/\/www.zum-haller.de\/en\/wp-json\/wp\/v2\/pages\/15\/revisions"}],"predecessor-version":[{"id":545,"href":"https:\/\/www.zum-haller.de\/en\/wp-json\/wp\/v2\/pages\/15\/revisions\/545"}],"wp:attachment":[{"href":"https:\/\/www.zum-haller.de\/en\/wp-json\/wp\/v2\/media?parent=15"}],"curies":[{"name":"wp","href":"https:\/\/api.w.org\/{rel}","templated":true}]}}