 {"id":34,"date":"2019-01-20T21:43:53","date_gmt":"2019-01-20T20:43:53","guid":{"rendered":"http:\/\/zum-haller-monschau.de\/?page_id=34"},"modified":"2019-01-26T01:20:31","modified_gmt":"2019-01-26T00:20:31","slug":"datenschutzerklaerung","status":"publish","type":"page","link":"https:\/\/www.zum-haller.de\/en\/datenschutzerklaerung\/","title":{"rendered":"Datenschutzerkl\u00e4rung"},"content":{"rendered":"<div>\n<h3>Verantwortlicher<\/h3>\n<p>Verantwortlich f\u00fcr die Datenverarbeitung auf dieser Webseite ist:<\/p>\n<p>Marco Radermacher<br \/>\nGastst\u00e4tte &#8220;Zum Haller&#8221;<br \/>\nEschbachstr. 4<br \/>\nD-52156 Monschau<br \/>\nTel.: 02472 \/ 80 47 00<br \/>\nmobil: 0160 \/ 967 040 32<br \/>\nE-Mail: <span id=\"cloak6a9d008477ed7a5e5a2da1bfad6d49c0\"><a href=\"mailto:info@zum-haller.de\">info@zum-haller.de<\/a><\/span><\/p>\n<h3>Datenschutzbeauftragter<\/h3>\n<p>Wir haben keinen Datenschutzbeauftragten benannt, da das gem. Art. 37 DSGVO (1) und \u00a738 BDSG-neu nicht notwendig ist. Bei Fragen zum Datenschutz auf dieser Webseite wenden Sie sich bitte direkt an uns.<\/p>\n<h3>Datenschutz<\/h3>\n<p>Die Betreiber dieser Seiten nehmen den Schutz Ihrer pers\u00f6nlichen Daten sehr ernst. Wir behandeln Ihre personenbezogenen Daten vertraulich und entsprechend der gesetzlichen Datenschutzvorschriften sowie dieser Datenschutzerkl\u00e4rung.<\/p>\n<p>Die Nutzung unserer Website ist in der Regel ohne Angabe personenbezogener Daten m\u00f6glich. Soweit auf unseren Seiten personenbezogene Daten (beispielsweise Name, Anschrift oder E-Mail-Adressen) erhoben werden, erfolgt dies, soweit m\u00f6glich, stets auf freiwilliger Basis. Diese Daten werden ohne Ihre ausdr\u00fcckliche Zustimmung nicht an Dritte weitergegeben.<\/p>\n<p>Wir weisen darauf hin, dass die Daten\u00fcbertragung im Internet (z.B. bei der Kommunikation per E-Mail) Sicherheitsl\u00fccken aufweisen kann. Ein l\u00fcckenloser Schutz der Daten vor dem Zugriff durch Dritte ist uns nicht m\u00f6glich.<\/p>\n<h3>SSL-Verschl\u00fcsselung<\/h3>\n<p>Diese Seite nutzt aus Gr\u00fcnden der Sicherheit und zum Schutz der \u00dcbertragung vertraulicher Inhalte, wie zum Beispiel der Anfragen, die Sie an uns als Seitenbetreiber senden, eine SSL-Verschl\u00fcsselung. Eine verschl\u00fcsselte Verbindung erkennen Sie daran, dass die Adresszeile des Browsers mit &#8220;https:\/\/&#8221; beginnt und an dem Schloss-Symbol in Ihrer Browserzeile.<\/p>\n<p>Wenn die SSL Verschl\u00fcsselung aktiviert ist, k\u00f6nnen die Daten, die Sie an uns \u00fcbermitteln, nicht von Dritten mitgelesen werden.<\/p>\n<h3>Cookie-Erkl\u00e4rung<\/h3>\n<p>Das CMS unserer Seite verwendet ein sog. &#8220;Sesion-Cookie&#8221; um die Benutzer-Erfahrung bei der Navigation auf der Seite zu verbessern. Dieses Cookie enth\u00e4lt eine anonyme, zuf\u00e4llige Zahl (&#8220;Session-ID&#8221;) und enth\u00e4lt keine personenbezogenen Daten.<br \/>\nBeim Verlassen der Seite wird es automatisch gel\u00f6scht.<\/p>\n<p>Wenn der Verwendung von Cookies zugestimmt wird, merkt das System sich diese Entscheidung ebenfalls in einem Cookie, damit nicht auf jeder neu aufgerufenen Seite wieder nach der Einstimmung gefragt werden muss. Auch dieses Cookie enth\u00e4lt keinerlei personenbezogenen Daten und wird beim Verlassen der Seite automatisch gel\u00f6scht.<\/p>\n<p>Die Seite benutzt <strong>keine<\/strong> sog. &#8220;Tracking-Cookies&#8221;, mit denen das Surf-Verhalten der Besucher nachvollzogen werden kann. Ebenso werden <strong>keine<\/strong> Cookies von Drittdienstleistern eingesetzt.<\/p>\n<h3>Protokolldateien auf dem Webserver<\/h3>\n<p>Der Provider der Seiten erhebt und speichert automatisch Informationen, die Ihr Browser automatisch an uns \u00fcbermittelt, in so genannten &#8220;Server-Access-Logs&#8221;. Das sind Textdateien, die Zugriffe auf den Webserver protokollieren. Der Provider braucht diese Daten zur Analyse (z.B. bei einer Fehlfunktion des Webservers) sowie zur Erkennung von Angriffen (z.B. durch Hacker). Die Daten werden nach 7 Tagen automatisch vom Provider gel\u00f6scht. Diese Daten sind im einzelnen:<\/p>\n<ul>\n<li>Browsertyp und Browserversion<\/li>\n<li>verwendetes Betriebssystem<\/li>\n<li>Referrer URL<\/li>\n<li>Hostname des zugreifenden Rechners<\/li>\n<li>Uhrzeit der Serveranfrage<\/li>\n<li>IP-Adresse<\/li>\n<\/ul>\n<p>Wir als Betreiber der Webseite haben auf diese Daten keinen Zugriff. Wir haben lediglich Zugriff auf einen Auszug dieser Daten, die uns der Provider f\u00fcr statistische Zwecke zur Verf\u00fcgung stellt. Insbesondere k\u00f6nnen wir nicht die vollst\u00e4ndigen IP-Adressen, sondern nur anonymisierte IP-Adressen einsehen. Diese sind nicht mehr auf eine Person zur\u00fcckzuf\u00fchren.<\/p>\n<p>Eine Zusammenf\u00fchrung dieser Daten mit anderen Datenquellen wird nicht vorgenommen.<\/p>\n<p>Grundlage f\u00fcr die Datenverarbeitung ist Art. 6 Abs. 1 lit. b DSGVO, der die Verarbeitung von Daten zur Erf\u00fcllung eines Vertrags oder vorvertraglicher Ma\u00dfnahmen gestattet.<\/p>\n<p>Mit dem Provider haben wir einen Vertrag zur Auftragsverarbeitung abgeschlossen.<\/p>\n<h3>Kontaktformular<\/h3>\n<p>Wenn Sie uns per Kontaktformular Anfragen zukommen lassen, werden Ihre Angaben aus dem Anfrageformular inklusive der von Ihnen dort angegebenen Kontaktdaten zwecks Bearbeitung der Anfrage und f\u00fcr den Fall von Anschlussfragen bei uns gespeichert. Diese Daten geben wir nicht ohne Ihre Einwilligung weiter.<\/p>\n<p><!--\n\n\n<h2>Einsatz von reCAPTCHA<\/h2>\n\n\nUm Eingabeformulare auf unserer Seite zu sch\u00fctzen, setzen wir den Dienst \u201ereCAPTCHA\u201c der Firma Google Inc., 1600 Amphitheatre Parkway, Mountain View, CA 94043 USA, nachfolgend \u201eGoogle\u201c, ein. Durch den Einsatz dieses Dienstes kann unterschieden werden, ob die entsprechende Eingabe menschlicher Herkunft ist oder durch automatisierte maschinelle Verarbeitung missbr\u00e4uchlich erfolgt.\n\nNach unserer Kenntnis werden die Referrer-URL, die IP-Adresse, das Verhalten der Webseitenbesucher, Informationen \u00fcber Betriebssystem, Browser und Verweildauer, Cookies, Darstellungsanweisungen und Skripte, das Eingabeverhalten des Nutzers sowie Mausbewegungen im Bereich der \u201ereCAPTCHA\u201c-Checkbox an \u201eGoogle\u201c \u00fcbertragen.\n\nGoogle verwendet die so erlangten Informationen unter anderem dazu, B\u00fccher und andere Druckerzeugnisse zu digitalisieren sowie Dienste wie Google Street View und Google Maps zu optimieren (bspw. Hausnummern- und Stra\u00dfennamenerkennung).\n\nDie im Rahmen von \u201ereCAPTCHA\u201c \u00fcbermittelte IP-Adresse wird nicht mit anderen Daten von Google zusammengef\u00fchrt, au\u00dfer Sie sind zum Zeitpunkt der Nutzung des \u201ereCAPTCHA\u201c-Plug-ins bei Ihrem Google-Account angemeldet. Wenn Sie diese \u00dcbermittlung und Speicherung von Daten \u00fcber Sie und Ihr Verhalten auf unserer Webseite durch \u201eGoogle\u201c unterbinden wollen, m\u00fcssen Sie sich bei \u201eGoogle\u201c ausloggen und zwar bevor Sie unsere Seite besuchen bzw. das reCAPTCHA Plug-in im Kontaktformular benutzen.\n\nDie Nutzung des Dienstes \u201ereCAPTCHA\u201c erlangten Informationen erfolgt gem\u00e4\u00df den Google-Nutzungsbedingungen: <a href=\"https:\/\/www.google.com\/intl\/de\/policies\/privacy\/\" target=\"_blank\" rel=\"noopener\">https:\/\/www.google.com\/intl\/de\/policies\/privacy\/<\/a>. --><\/p>\n<h2>Ihre Rechte<\/h2>\n<hr \/>\n<h3>Recht auf Auskunft, L\u00f6schung, Sperrung<\/h3>\n<p>Sie haben jederzeit das Recht auf unentgeltliche Auskunft \u00fcber Ihre gespeicherten personenbezogenen Daten, deren Herkunft und Empf\u00e4nger und den Zweck der Datenverarbeitung sowie ein Recht auf Berichtigung, Sperrung oder L\u00f6schung dieser Daten. Hierzu sowie zu weiteren Fragen zum Thema personenbezogene Daten k\u00f6nnen Sie sich jederzeit unter der oben angegebenen Adresse an uns wenden.<\/p>\n<h3>Ihr Recht auf Beschwerde bei der Aufsichtsbeh\u00f6rde<\/h3>\n<p>Sie haben das Recht, sich \u00fcber die Verarbeitung personenbezogener Daten durch uns bei einer Aufsichtsbeh\u00f6rde f\u00fcr den Datenschutz zu beschweren. Sie k\u00f6nnen das bei jeder Aufsichtsbeh\u00f6rde f\u00fcr den Datenschutz tun. Beispielsweise ist die f\u00fcr NRW zust\u00e4ndige Aufsichtsbeh\u00f6rde das LDI NRW\u00a0(Landesbeauftragte f\u00fcr Datenschutz und Informationsfreiheit), erreichbar \u00fcber folgenden Link:\u00a0<a title=\"Landesbeauftragte f\u00fcr Datenschutz und Informationsfreiheit\" href=\"https:\/\/www.ldi.nrw.de\/\">https:\/\/www.ldi.nrw.de\/<\/a><\/p>\n<h3>\u00c4nderungsvorbehalt<\/h3>\n<p>Wir behalten uns vor, \u00c4nderungen an dieser Datenschutzerkl\u00e4rung vorzunehmen, z.B. um Korrekturen oder Erg\u00e4nzungen vorzunehmen, etwa falls sich die Gesetzeslage \u00e4ndert.<\/p>\n<\/div>\n","protected":false},"excerpt":{"rendered":"<p>Verantwortlicher Verantwortlich f\u00fcr die Datenverarbeitung auf dieser Webseite ist: Marco Radermacher Gastst\u00e4tte &#8220;Zum Haller&#8221; Eschbachstr. 4 D-52156 Monschau Tel.: 02472 \/ 80 47 00 mobil: 0160 \/ 967 040 32 E-Mail: info@zum-haller.de Datenschutzbeauftragter Wir haben keinen Datenschutzbeauftragten benannt, da das gem. Art. 37 DSGVO (1) und \u00a738 BDSG-neu nicht notwendig ist. Bei Fragen zum Datenschutz [&hellip;]<\/p>\n","protected":false},"author":1,"featured_media":0,"parent":0,"menu_order":0,"comment_status":"closed","ping_status":"closed","template":"","meta":[],"_links":{"self":[{"href":"https:\/\/www.zum-haller.de\/en\/wp-json\/wp\/v2\/pages\/34"}],"collection":[{"href":"https:\/\/www.zum-haller.de\/en\/wp-json\/wp\/v2\/pages"}],"about":[{"href":"https:\/\/www.zum-haller.de\/en\/wp-json\/wp\/v2\/types\/page"}],"author":[{"embeddable":true,"href":"https:\/\/www.zum-haller.de\/en\/wp-json\/wp\/v2\/users\/1"}],"replies":[{"embeddable":true,"href":"https:\/\/www.zum-haller.de\/en\/wp-json\/wp\/v2\/comments?post=34"}],"version-history":[{"count":8,"href":"https:\/\/www.zum-haller.de\/en\/wp-json\/wp\/v2\/pages\/34\/revisions"}],"predecessor-version":[{"id":428,"href":"https:\/\/www.zum-haller.de\/en\/wp-json\/wp\/v2\/pages\/34\/revisions\/428"}],"wp:attachment":[{"href":"https:\/\/www.zum-haller.de\/en\/wp-json\/wp\/v2\/media?parent=34"}],"curies":[{"name":"wp","href":"https:\/\/api.w.org\/{rel}","templated":true}]}}