 {"id":39,"date":"2019-01-20T21:50:53","date_gmt":"2019-01-20T20:50:53","guid":{"rendered":"http:\/\/zum-haller-monschau.de\/?page_id=39"},"modified":"2025-10-14T20:00:11","modified_gmt":"2025-10-14T18:00:11","slug":"kontakt","status":"publish","type":"page","link":"https:\/\/www.zum-haller.de\/en\/kontakt\/","title":{"rendered":"Reservations"},"content":{"rendered":"<p>Please use this form for praise and criticism of us, <strong>table reservations<\/strong> and any questions you may have. We will answer as soon as possible. <strong>Should we not answer, please give us a call.<\/strong><\/p>\n<p>Table reservations are valid even after confirmation only subject to legal changes.<\/p>\n<p><strong>New opening hours from 01 September 2024:<\/strong><\/p>\n<p><strong>From then on, we will be closed on Mondays and Tuesdays for staffing reasons.<\/strong><\/p>\n<p><strong>Reservations made for Mondays<\/strong> will unfortunately have to be cancelled.<\/p>\n<p><!--Please use this form for <strong>praise and criticism<\/strong> of us, <strong>table reservations<\/strong> and any <strong>questions<\/strong> you may have about us. We will reply <strong>as soon as possible<\/strong>. If we do not answer, please call us.\n\n\n<blockquote><strong>ATTENTION<\/strong>: Due to <strong>Corona<\/strong> and the corresponding new German opening rules for restaurants we are forced to temporarily close our normal business. Until further notice we offer a <strong>pick-up service<\/strong> for <strong>telephone orders<\/strong> on <strong>weekends<\/strong>.\n\n<strong>ATTENTION<\/strong>: En raison de l'arr\u00eat <strong>Corona<\/strong> et des nouvelles r\u00e8gles allemandes d'ouverture des restaurants, nous sommes contraints de fermer temporairement notre \u00e9tablissement. Jusqu'\u00e0 nouvel ordre, nous proposons un service de ramassage pour les commandes t\u00e9l\u00e9phoniques le week-end.\n\n<strong>LET OP<\/strong>: Door <strong>Corona<\/strong> en de bijbehorende nieuwe Duitse openingsregels voor restaurants zijn we genoodzaakt om onze normale zaken tijdelijk te sluiten. Tot nader order bieden wij een afhaalservice voor telefonische bestellingen in het weekend.<\/blockquote>\n\n\n--><\/p>\n<p><div role=\"form\" class=\"wpcf7\" id=\"wpcf7-f510-o2\" lang=\"en-US\" dir=\"ltr\">\n<div class=\"screen-reader-response\"><p role=\"status\" aria-live=\"polite\" aria-atomic=\"true\"><\/p> <ul><\/ul><\/div>\n<form action=\"\/en\/wp-json\/wp\/v2\/pages\/39\" method=\"post\" class=\"wpcf7-form init\" novalidate=\"novalidate\" data-status=\"init\">\n<div style=\"display: none;\">\n<input type=\"hidden\" name=\"_wpcf7\" value=\"510\" \/>\n<input type=\"hidden\" name=\"_wpcf7_version\" value=\"5.5.6.1\" \/>\n<input type=\"hidden\" name=\"_wpcf7_locale\" value=\"en_US\" \/>\n<input type=\"hidden\" name=\"_wpcf7_unit_tag\" value=\"wpcf7-f510-o2\" \/>\n<input type=\"hidden\" name=\"_wpcf7_container_post\" value=\"0\" \/>\n<input type=\"hidden\" name=\"_wpcf7_posted_data_hash\" value=\"\" \/>\n<\/div>\n<p><label> Your Name (required)<br \/>\n    <span class=\"wpcf7-form-control-wrap your-name\"><input type=\"text\" name=\"your-name\" value=\"\" size=\"40\" class=\"wpcf7-form-control wpcf7-text wpcf7-validates-as-required\" aria-required=\"true\" aria-invalid=\"false\" \/><\/span> <\/label><\/p>\n<p><label> Your E-Mail-Address (required)<br \/>\n    <span class=\"wpcf7-form-control-wrap your-email\"><input type=\"email\" name=\"your-email\" value=\"\" size=\"40\" class=\"wpcf7-form-control wpcf7-text wpcf7-email wpcf7-validates-as-required wpcf7-validates-as-email\" aria-required=\"true\" aria-invalid=\"false\" \/><\/span> <\/label><\/p>\n<p>Please don't use <b>Hotmail<\/b> e-mail addresses. We will not be able to answer you.<\/p>\n<p><label> Type (required)<\/label><\/p>\n<p><span class=\"wpcf7-form-control-wrap art\"><span class=\"wpcf7-form-control wpcf7-radio\"><span class=\"wpcf7-list-item first\"><label><input type=\"radio\" name=\"art\" value=\"Reservation\" checked=\"checked\" \/><span class=\"wpcf7-list-item-label\">Reservation<\/span><\/label><\/span><span class=\"wpcf7-list-item\"><label><input type=\"radio\" name=\"art\" value=\"Comment*\" \/><span class=\"wpcf7-list-item-label\">Comment*<\/span><\/label><\/span><span class=\"wpcf7-list-item\"><label><input type=\"radio\" name=\"art\" value=\"Question\" \/><span class=\"wpcf7-list-item-label\">Question<\/span><\/label><\/span><span class=\"wpcf7-list-item last\"><label><input type=\"radio\" name=\"art\" value=\"Else\" \/><span class=\"wpcf7-list-item-label\">Else<\/span><\/label><\/span><\/span><\/span><br \/>\n<span class=\"wpcf7-form-control-wrap zustimmung\"><span class=\"wpcf7-form-control wpcf7-checkbox\"><span class=\"wpcf7-list-item first last\"><input type=\"checkbox\" name=\"zustimmung[]\" value=\"*I agree that my comment will be published on this website.\" \/><span class=\"wpcf7-list-item-label\">*I agree that my comment will be published on this website.<\/span><\/span><\/span><\/span><\/p>\n<p><label> Phone (required)<br \/>\n    <span class=\"wpcf7-form-control-wrap phone\"><input type=\"text\" name=\"phone\" value=\"\" size=\"40\" class=\"wpcf7-form-control wpcf7-text wpcf7-validates-as-required\" aria-required=\"true\" aria-invalid=\"false\" \/><\/span> <\/label><\/p>\n<p>Please enter a <strong>phone number<\/strong>! Due to technical issues, sometimes we can't answer some mails to confirm your reservation.<\/p>\n<p><label> Topic (required)<br \/>\n    <span class=\"wpcf7-form-control-wrap your-subject\"><input type=\"text\" name=\"your-subject\" value=\"\" size=\"40\" class=\"wpcf7-form-control wpcf7-text wpcf7-validates-as-required\" aria-required=\"true\" aria-invalid=\"false\" \/><\/span> <\/label><\/p>\n<p><label> Your message (required)<br \/>\n    <span class=\"wpcf7-form-control-wrap your-message\"><textarea name=\"your-message\" cols=\"40\" rows=\"10\" class=\"wpcf7-form-control wpcf7-textarea wpcf7-validates-as-required\" aria-required=\"true\" aria-invalid=\"false\"><\/textarea><\/span> <\/label><\/p>\n<p><span class=\"wpcf7-form-control-wrap quiz-194\"><label><span class=\"wpcf7-quiz-label\">The inn Zum Haller is located in which city?<\/span> <input type=\"text\" name=\"quiz-194\" size=\"40\" class=\"wpcf7-form-control wpcf7-quiz\" autocomplete=\"off\" aria-required=\"true\" aria-invalid=\"false\" \/><\/label><input type=\"hidden\" name=\"_wpcf7_quiz_answer_quiz-194\" value=\"13b661f2b1495a466145b6f56e047c2e\" \/><\/span><\/p>\n<p><span class=\"wpcf7-form-control-wrap acceptance-9\"><span class=\"wpcf7-form-control wpcf7-acceptance\"><span class=\"wpcf7-list-item\"><label><input type=\"checkbox\" name=\"acceptance-9\" value=\"1\" aria-invalid=\"false\" \/><span class=\"wpcf7-list-item-label\">Privacy Policy read and accepted.<\/span><\/label><\/span><\/span><\/span><\/p>\n<p><span id=\"wpcf7-69fb1c5e56b87-wrapper\" class=\"wpcf7-form-control-wrap honigtopf-4711-wrap\" style=\"display:none !important; visibility:hidden !important;\"><label for=\"wpcf7-69fb1c5e56b87-field\" class=\"hp-message\">Please leave this field empty.<\/label><input id=\"wpcf7-69fb1c5e56b87-field\"  class=\"wpcf7-form-control wpcf7-text\" type=\"text\" name=\"honigtopf-4711\" value=\"\" size=\"40\" tabindex=\"-1\" autocomplete=\"new-password\" \/><\/span><\/p>\n<p><input type=\"submit\" value=\"Send\" class=\"wpcf7-form-control has-spinner wpcf7-submit\" \/><\/p>\n<div class=\"wpcf7-response-output\" aria-hidden=\"true\"><\/div><\/form><\/div><\/p>","protected":false},"excerpt":{"rendered":"<p>Please use this form for praise and criticism of us, table reservations and any questions you may have. We will answer as soon as possible. Should we not answer, please give us a call. Table reservations are valid even after confirmation only subject to legal changes. New opening hours from 01 September 2024: From then [&hellip;]<\/p>\n","protected":false},"author":1,"featured_media":0,"parent":0,"menu_order":0,"comment_status":"closed","ping_status":"closed","template":"","meta":[],"_links":{"self":[{"href":"https:\/\/www.zum-haller.de\/en\/wp-json\/wp\/v2\/pages\/39"}],"collection":[{"href":"https:\/\/www.zum-haller.de\/en\/wp-json\/wp\/v2\/pages"}],"about":[{"href":"https:\/\/www.zum-haller.de\/en\/wp-json\/wp\/v2\/types\/page"}],"author":[{"embeddable":true,"href":"https:\/\/www.zum-haller.de\/en\/wp-json\/wp\/v2\/users\/1"}],"replies":[{"embeddable":true,"href":"https:\/\/www.zum-haller.de\/en\/wp-json\/wp\/v2\/comments?post=39"}],"version-history":[{"count":10,"href":"https:\/\/www.zum-haller.de\/en\/wp-json\/wp\/v2\/pages\/39\/revisions"}],"predecessor-version":[{"id":830,"href":"https:\/\/www.zum-haller.de\/en\/wp-json\/wp\/v2\/pages\/39\/revisions\/830"}],"wp:attachment":[{"href":"https:\/\/www.zum-haller.de\/en\/wp-json\/wp\/v2\/media?parent=39"}],"curies":[{"name":"wp","href":"https:\/\/api.w.org\/{rel}","templated":true}]}}