 {"id":71,"date":"2019-01-21T20:25:36","date_gmt":"2019-01-21T19:25:36","guid":{"rendered":"https:\/\/zum-haller-monschau.de\/?page_id=71"},"modified":"2019-12-13T14:20:27","modified_gmt":"2019-12-13T13:20:27","slug":"gaestebuch","status":"publish","type":"page","link":"https:\/\/www.zum-haller.de\/en\/gaestebuch\/","title":{"rendered":"Opinions of our visitors"},"content":{"rendered":"<p>Our guests come from <strong>all over the world<\/strong> &#8211; and are the very best. You are <strong>enthusiastic<\/strong> about the Haller and would like to be <strong>included in this list<\/strong>? Just write in our <a href=\"https:\/\/www.zum-haller.de\/kontakt\/\">contact form<\/a> or visit us on <a href=\"https:\/\/www.facebook.com\/Gastst\u00e4tte-Zum-Haller-1650403745197770\">Facebook<\/a>.<\/p>\n<p>Here is a selection of your opinions that we like to share.<\/p>\n<p><strong>Boston H., NL<\/strong><\/p>\n<blockquote><p>The Zum Haller was an excellent addition to me and my girlfriends holiday in Monschau. I was impressed with the atmosphere and thrilled with the service. Marco and Jacqueline run an excellent business with a great beer selection and great food to have with the beer. They really helped us feel at home in Monschau. If we&#8217;re ever in that lovely area again, I&#8217;ll be sure to stop by for some leek soup and some Leffe!<\/p><\/blockquote>\n<p><strong>Heinrich und Sabine T, DE<\/strong><\/p>\n<blockquote><p>Wir haben vom 1. bis 8.Oktober Urlaub in Monschau gemacht und dabei die Gastst\u00e4tte Zum Haller entdeckt.<br \/>\nWir waren 4 mal zum Essen da und waren jedes mal begeistert! Das ESSEN sehr lecker, die Bedienung sehr aufmerksam, zuvorkommend aber nicht aufdringlich.<\/p>\n<p>Die Atmosph\u00e4re in dem Lokal ist sehr gut und gastfreundlich. Die jungen Wirtsleute geben einem das Gef\u00fchl bei Freunden zu Gast zu sein.<\/p>\n<p>Alle Nationalit\u00e4ten und alle Altersgruppen vom Baby bis ins h\u00f6here Alter f\u00fchlen sich dort wohl.<br \/>\nDanke daf\u00fcr<\/p><\/blockquote>\n<p><strong>Mike L aus Charleston, South Carolina, USA<\/strong><\/p>\n<blockquote><p>We have visited here for the last 5 years. The highlight of our visit is the evenings we spend in zum Haller. Beer is cold, food is great and the people here are all wonderful. We have met folks from Germany, Holland, Belgium, Australia and the USA. Marco and Jackie make everyone feel welcomed. Can&#8217;t wait to get back the next time!!!!!<\/p><\/blockquote>\n<p><strong>Joost aus Buitenweg, NL<\/strong><\/p>\n<blockquote><p>Een fijne schni en dan ook tzel eten is hier een ware beleveins. Met een groep van 18 hongerige mannen hebben we hier heerlijk gegeten terwijl we ons vergaapten aan de enorme uiers van het dienstdoende bar madchen<\/p><\/blockquote>\n<p><strong>Karl Heinz B aus Haiger, DE<\/strong><\/p>\n<blockquote><p>Liebe Wirtsleute,<br \/>\nwir waren mit unserer Nordic Walking Gruppe am 09.09.2017 bei Ihnen zu Gast. Wir haben uns &#8220;sauwohl&#8221; gef\u00fchlt. Tolle Stimmung, hervorragendes Essen und Gastgeber wie man sie sich nur w\u00fcnschen kann. Ich hoffe, wir sehen uns einmal wieder.<br \/>\nAlles Gute von Karl Heinz und der Nordic Walking Gruppe<\/p><\/blockquote>\n<p><strong>J\u00fcrgen aus Ulmen, DE<\/strong><\/p>\n<blockquote><p>Wir waren am 02.09.17 da. Super Essen (versch\u00e4rftes Lob an den Koch). Tolle Bedienungen\/Chefs &#8211; wieselflink, freundlich, coole Ansprache. Wie Ihr den Deckel mit Werten f\u00fcllt &#8211; kreuz und quer &#8211; alle Achtung. Noch mehr Achtung davor den anschlie\u00dfend zusammen zurechnen! Es war sehr sch\u00f6n bei Euch, wir haben uns sehr wohl gef\u00fchlt. Sollten wir noch einmal in der Gegend sein, kommen wir bestimmt wieder rein.<br \/>\nEuch Beiden weiterhin viel Erfolg!!<\/p><\/blockquote>\n<p><strong>Nick D\u00a0 aus Poeldijk, NL<\/strong><\/p>\n<blockquote><p>Wij hebben hier vier van de 8 avonden van onze vakantie gegeten en we hebben genoten. Het eten was heerlijk en er hing een zeer gezellige sfeer tegen een zeer goede prijs. Er valt goed te zien dat de eigenaar en zijn medewerkers hart hebben voor het restaurant.<\/p>\n<p>Wij zullen zeker nogmaals langskomen als wij in Monschau zijn en wij bevelen dit restaurant aan iedereen aan.<\/p>\n<p>Bedankt team van Zum Haller!<\/p>\n<p>Met vriendelijke groet,<\/p>\n<p>Der kleinen mann<\/p><\/blockquote>\n<p><strong>Helmut und Michaela D aus Gangelt-Birgden, BE<\/strong><\/p>\n<blockquote><p>Hallo Haller Team,<br \/>\nWir waren am Mittwoch bei euch in der Gastst\u00e4tte und haben uns sehr wohl gef\u00fchlt. Essen, trinken und Service waren spitze. Wir w\u00fcnschen euch weiterhin viel Erfolg und bleibt so wie ihr seid. Wir k\u00f6nnen euch mit bestem Gewissen weiterempfehlen.<\/p><\/blockquote>\n<p><strong>Tom &amp; Sue A aus Blackpool, UK<\/strong><\/p>\n<blockquote><p>Had a lovely evening here drinking, eating and having fun.<br \/>\nVery friendly people and thanks to Marco for the Baileys and the lift home.<br \/>\nHope to see you soon.<\/p><\/blockquote>\n<p><strong>Sue &amp; Eric E aus UK<\/strong><\/p>\n<blockquote><p>spent a lovely evening in your pub on our recent trip great food &amp; drinks at a good price, lovely atmosphere we were made very wwelcome. Would love to return and would definately recommend.<\/p>\n<p>sue &amp; eric edge<\/p><\/blockquote>\n<p><strong>John and Cath N aus Leigh, Lancs, GB<\/strong><\/p>\n<blockquote><p>Schone Gruss aus England, wir besuchen ihren kliene kniepe 2 mal im jahr und wir finden es toll und wir finden die &#8220;Marco&#8221; richtig nett und jetz die fruenden (bald Frau)von Marco finden wir auch toll, vielen danke fur diene nottig taxi, wir sind gut zu hause gekommen.<br \/>\nSchone essen.. schone beer.. schone stadt = schone kniepe und auch die team&#8230; bis wienachten&#8230; bye &#8230; &#8220;The Nolan family&#8221;<\/p>\n<p>ps&#8230; Marco haben veil glucke im zukunft mit diene hochziet.<\/p><\/blockquote>\n<p><strong>Thomas und Irene H aus Almere, Flevoland, NL<\/strong><\/p>\n<blockquote><p>Hoi allemaal,<\/p>\n<p>a.s. zaterdag 09-06-2012, komen wij weer gezellig een hapje eten bij jullie.<\/p>\n<p>Weer heerlijk genieten van al het goede in Monschau&#8230;<\/p>\n<p>Een bezoek aan &#8220;Zum Haller&#8221; mag hierbij natuurlijk niet ontbreken.<\/p>\n<p>Gru\u00dfe<br \/>\nThomas &amp; Irene<\/p><\/blockquote>\n<p><strong>UKG<\/strong><\/p>\n<blockquote><p>Wir waren gestern zum ersten Mal dort. Einfach alles super.Essen, Bedienung, Ein Ort zum Wohlf\u00fchlen und genie\u00dfen.<\/p><\/blockquote>\n<p><strong>Marcel und Sabrina aus Recklinghausen, DE<\/strong><\/p>\n<blockquote><p>Hi. Gr\u00fc\u00dfe aus dem Ruhrgebiet. M\u00f6chten Euch mitteilen, dass Ihr in Monschau die beste Location bietet. Lecker Essen, super Atmosph\u00e4re und sehr aufmerksamer Service. Macht Ihr gut. Und hoffentlich auch weiterhin.<br \/>\nWeibliche Junge Bedienung: Kenne deinen Namen nicht, wir haben Euch, wie wir besprochen haben, bewertet.<br \/>\nDu wei\u00dft schon.<br \/>\nGr\u00fc\u00dfe ausm Pott.<br \/>\nMarcel und Sabrina<\/p><\/blockquote>\n<p><strong>Michael aus M\u00f6tzinge, DE <\/strong><\/p>\n<blockquote><p>Am 12.04.14 waren wir abends bei der Oldie-Night zu Gast und waren hellauf begeistert. DJ, Bedienung alles Klasse. Super Mucke und Leffe vom Fa\u00df. Was will man mehr!<\/p>\n<p>Kann ich nur empfehlen.<\/p><\/blockquote>\n<p><strong>Marita und Karl-Josef aus Schwalmtal, DE<\/strong><\/p>\n<blockquote><p>Hallo,<br \/>\nwir m\u00f6chten uns f\u00fcr den super Silvesterabend bedanken.<br \/>\nEs war echt klasse, Essen Spitze, Bedienung Spitze, Tischnachbarn Spitze, was will man mehr.<br \/>\nDas war nicht die letzte Silvesterfeier bei euch.<br \/>\nWenn m\u00f6glich kommen wir wieder.<br \/>\nMarita, Karl-Josef, Trixi u. Heinz-Peter<\/p><\/blockquote>\n<p><strong>Tinchen<\/strong><\/p>\n<blockquote><p>Vielen, vielen Dank f\u00fcr den tollen Silvesterabend und ein dickes Lob an den Koch! Das Essen war suuuuuuuuuper lecker. Kein Restaurant im Ort war so gut.<br \/>\nLiebe Gr\u00fc\u00dfe von den f\u00fcnf durchgeknallten Nordlichtern (Christine, Jochen, Dennis, Ingo und Carsten)<\/p><\/blockquote>\n<p><strong>Everaerts L aus Zoutleeuw, BE<\/strong><\/p>\n<blockquote><p>zeer lekker eten, goeie bediening, echt top. Komen zeker nog eens terug.<br \/>\nSehr gem\u00fctlich<\/p><\/blockquote>\n<p><strong>TTC Dreiborn aus Dreiborn, DE <\/strong><\/p>\n<blockquote><p>Hallo,<\/p>\n<p>wir hatten heute einen tollen Abschluss unserer Vereinswanderung im &#8220;Haller&#8221;. Wir haben wirklich sehr gut gegessen und die tolle Bedienung hat daf\u00fcr gesorgt, dass wir auch genug trinken konnten. Wir sehen uns bestimmt wieder.<\/p><\/blockquote>\n<p><strong>Wolf und Axl aus Dortmund, DE<\/strong><\/p>\n<blockquote><p>Es war toll bei euch am letzten Wochenende! Viele Gr\u00fc\u00dfe besonders an die dunkelhaarige Thekenfachkraft, die uns wertvolle Tipps zu den lokalen Spezialit\u00e4ten gegeben hat.<\/p><\/blockquote>\n<p><strong>Heidi und Karl<\/strong><\/p>\n<blockquote><p>Unser Abendessen bei Ihnen war ein Genuss, und wir werden es bestimmt wiederholen. Danke daf\u00fcr, das man auch als Raucher noch gem\u00fctlich ausgehen kann und nicht schief angeschaut wird. Steaks, Bier, Schorle &#8211; alles jede Kalorie wert.<\/p><\/blockquote>\n<p>&nbsp;<\/p>\n<p><strong>You are enthusiastic about the Haller and would like to be included in this list. Just write in our <a href=\"https:\/\/www.zum-haller.de\/kontakt\/\">contact form<\/a> or visit us on <a href=\"https:\/\/www.facebook.com\/Gastst\u00e4tte-Zum-Haller-1650403745197770\">Facebook<\/a>.<\/strong><\/p>","protected":false},"excerpt":{"rendered":"<p>Our guests come from all over the world &#8211; and are the very best. You are enthusiastic about the Haller and would like to be included in this list? Just write in our contact form or visit us on Facebook. Here is a selection of your opinions that we like to share. Boston H., NL [&hellip;]<\/p>\n","protected":false},"author":1,"featured_media":0,"parent":0,"menu_order":0,"comment_status":"closed","ping_status":"closed","template":"","meta":[],"_links":{"self":[{"href":"https:\/\/www.zum-haller.de\/en\/wp-json\/wp\/v2\/pages\/71"}],"collection":[{"href":"https:\/\/www.zum-haller.de\/en\/wp-json\/wp\/v2\/pages"}],"about":[{"href":"https:\/\/www.zum-haller.de\/en\/wp-json\/wp\/v2\/types\/page"}],"author":[{"embeddable":true,"href":"https:\/\/www.zum-haller.de\/en\/wp-json\/wp\/v2\/users\/1"}],"replies":[{"embeddable":true,"href":"https:\/\/www.zum-haller.de\/en\/wp-json\/wp\/v2\/comments?post=71"}],"version-history":[{"count":11,"href":"https:\/\/www.zum-haller.de\/en\/wp-json\/wp\/v2\/pages\/71\/revisions"}],"predecessor-version":[{"id":599,"href":"https:\/\/www.zum-haller.de\/en\/wp-json\/wp\/v2\/pages\/71\/revisions\/599"}],"wp:attachment":[{"href":"https:\/\/www.zum-haller.de\/en\/wp-json\/wp\/v2\/media?parent=71"}],"curies":[{"name":"wp","href":"https:\/\/api.w.org\/{rel}","templated":true}]}}